{"id":1188,"date":"2022-02-02T09:43:30","date_gmt":"2022-02-02T15:43:30","guid":{"rendered":"https:\/\/wacobirthcenter.com\/?page_id=1188"},"modified":"2023-02-09T16:06:17","modified_gmt":"2023-02-09T22:06:17","slug":"investment-guide","status":"publish","type":"page","link":"https:\/\/wacobirthcenter.com\/es\/investment-guide\/","title":{"rendered":"Gu\u00eda de inversi\u00f3n"},"content":{"rendered":"<div data-elementor-type=\"wp-page\" data-elementor-id=\"1188\" class=\"elementor elementor-1188\" data-elementor-post-type=\"page\">\n\t\t\t\t\t\t<section class=\"elementor-section elementor-top-section elementor-element elementor-element-7c681c8d elementor-section-full_width elementor-section-height-default elementor-section-height-default\" data-id=\"7c681c8d\" data-element_type=\"section\" data-e-type=\"section\" data-settings=\"{&quot;background_background&quot;:&quot;classic&quot;}\">\n\t\t\t\t\t\t\t<div class=\"elementor-background-overlay\"><\/div>\n\t\t\t\t\t\t\t<div class=\"elementor-container elementor-column-gap-default\">\n\t\t\t\t\t<div class=\"elementor-column elementor-col-100 elementor-top-column elementor-element elementor-element-6aaef728\" data-id=\"6aaef728\" data-element_type=\"column\" data-e-type=\"column\">\n\t\t\t<div class=\"elementor-widget-wrap elementor-element-populated\">\n\t\t\t\t\t\t<div class=\"elementor-element elementor-element-572ba200 elementor-widget elementor-widget-heading\" data-id=\"572ba200\" data-element_type=\"widget\" data-e-type=\"widget\" data-widget_type=\"heading.default\">\n\t\t\t\t<div class=\"elementor-widget-container\">\n\t\t\t\t\t<h1 class=\"elementor-heading-title elementor-size-default\">Gu\u00eda de inversi\u00f3n<\/h1>\t\t\t\t<\/div>\n\t\t\t\t<\/div>\n\t\t\t\t\t<\/div>\n\t\t<\/div>\n\t\t\t\t\t<\/div>\n\t\t<\/section>\n\t\t\t\t<section class=\"elementor-section elementor-top-section elementor-element elementor-element-7ede03bc elementor-section-boxed elementor-section-height-default elementor-section-height-default\" data-id=\"7ede03bc\" data-element_type=\"section\" data-e-type=\"section\">\n\t\t\t\t\t\t<div class=\"elementor-container elementor-column-gap-default\">\n\t\t\t\t\t<div class=\"elementor-column elementor-col-100 elementor-top-column elementor-element elementor-element-3aa93e6e\" data-id=\"3aa93e6e\" data-element_type=\"column\" data-e-type=\"column\">\n\t\t\t<div class=\"elementor-widget-wrap elementor-element-populated\">\n\t\t\t\t\t\t<div class=\"elementor-element elementor-element-197e6b7d elementor-widget elementor-widget-heading\" data-id=\"197e6b7d\" data-element_type=\"widget\" data-e-type=\"widget\" data-widget_type=\"heading.default\">\n\t\t\t\t<div class=\"elementor-widget-container\">\n\t\t\t\t\t<h2 class=\"elementor-heading-title elementor-size-medium\">PAQUETE DE PAGO EN EFECTIVO<\/h2>\t\t\t\t<\/div>\n\t\t\t\t<\/div>\n\t\t\t\t<div class=\"elementor-element elementor-element-abe3c07 elementor-widget elementor-widget-text-editor\" data-id=\"abe3c07\" data-element_type=\"widget\" data-e-type=\"widget\" data-widget_type=\"text-editor.default\">\n\t\t\t\t<div class=\"elementor-widget-container\">\n\t\t\t\t\t\t\t\t\t<div class=\"page\" title=\"P\u00e1gina 1\"><div class=\"section\"><div class=\"layoutArea\"><div class=\"column\"><p>La tarifa del paquete est\u00e1ndar de la pr\u00e1ctica para los servicios de parter\u00eda es $6,000.00. Si paga en efectivo, se aplicar\u00e1 un adicional de $1,000.00 para viajes de m\u00e1s de 35 millas desde nuestras instalaciones para un parto en el hogar.<\/p><p><strong>Las tarifas incluir\u00e1n:<\/strong><\/p><ul><li>Visitas prenatales regulares al consultorio durante el horario comercial normal<\/li><li>Si planea un parto en casa: 1 visita prenatal a domicilio aproximadamente a las 38 semanas<\/li><li>Para parto domiciliario: trabajo de parto, parto y posparto inmediato para mam\u00e1 y beb\u00e9 (2-3 horas)<\/li><li>Para el centro de maternidad: trabajo de parto, nacimiento y 4 a 6 horas de atenci\u00f3n posparto en el centro de maternidad<\/li><li>Tarifa de asistente de nacimiento si corresponde<\/li><li>Suministros de parto est\u00e1ndar provistos en el centro de parto: los partos en el hogar solicitar\u00e1n su propio kit de parto<\/li><li>Llamada telef\u00f3nica posparto dentro de las 24 horas<\/li><li>Visitas al consultorio posparto a las 42-78 horas y 6 semanas<\/li><\/ul><p><strong>\u00a0<\/strong><\/p><p><strong>Las tarifas no incluyen:<\/strong><\/p><ul><li>Trabajo de laboratorio<\/li><li>Visitas prenatales o posparto fuera del horario de atenci\u00f3n ($75.00 adicionales por visita)<\/li><li>Circunstancias Especiales relacionadas con condiciones de salud que requieran visitas prenatales adicionales y servicios de salud avanzados requerir\u00e1n un contrato adicional y una tarifa de $600<\/li><li>Tarifa adicional si se solicitan visitas al hogar en lugar de visitas al consultorio ($75.00 por visita m\u00e1s millaje @ $.50 por milla)<\/li><li>Cualquier servicio referido (por ejemplo, ultrasonido, consultas, clases de preparaci\u00f3n para el parto)<\/li><li>Kit de parto para parto en casa<\/li><li>Costo de piscina para parto domiciliario<\/li><li>Rhogam<\/li><li>antibi\u00f3ticos<\/li><li>Tarifa de reserva<\/li><\/ul><\/div><\/div><\/div><\/div>\t\t\t\t\t\t\t\t<\/div>\n\t\t\t\t<\/div>\n\t\t\t\t<div class=\"elementor-element elementor-element-4ac6f20 elementor-widget elementor-widget-heading\" data-id=\"4ac6f20\" data-element_type=\"widget\" data-e-type=\"widget\" data-widget_type=\"heading.default\">\n\t\t\t\t<div class=\"elementor-widget-container\">\n\t\t\t\t\t<h2 class=\"elementor-heading-title elementor-size-medium\">PAQUETE DE SEGURO<\/h2>\t\t\t\t<\/div>\n\t\t\t\t<\/div>\n\t\t\t\t<div class=\"elementor-element elementor-element-f24e00d elementor-widget elementor-widget-text-editor\" data-id=\"f24e00d\" data-element_type=\"widget\" data-e-type=\"widget\" data-widget_type=\"text-editor.default\">\n\t\t\t\t<div class=\"elementor-widget-container\">\n\t\t\t\t\t\t\t\t\t<div class=\"page\" title=\"P\u00e1gina 2\"><div class=\"section\"><div class=\"layoutArea\"><div class=\"column\"><p>Aceptamos todos los seguros principales y estamos dentro de la red con Blue Cross Blue Shield, Baylor Scott &amp; White (plan HMO Plus y PPO Plus) y Ambetter. Se requiere una carta de Verificaci\u00f3n de Beneficios para que podamos calcular sus gastos de bolsillo estimados. Una Verificaci\u00f3n de beneficios es un ESTIMADO. Usted es responsable de pagar su gasto de bolsillo estimado a las 36 semanas de embarazo. Habr\u00e1 una tarifa de $25 para este proceso de verificaci\u00f3n. El pago del deducible y el copago deben pagarse antes de las 36 semanas.<\/p><p>Se aplicar\u00e1 un adicional de $1,000.00 para viajes de m\u00e1s de 35 millas desde nuestras instalaciones para un parto en el hogar. Esto ser\u00e1 parte de los gastos de su bolsillo y se le facturar\u00e1 a usted, el cliente.<\/p><p><strong>Las tarifas incluir\u00e1n:<\/strong><\/p><ul><li>Visitas prenatales regulares al consultorio durante el horario comercial normal<\/li><li>Si planea un parto en casa: 1 visita prenatal a domicilio aproximadamente a las 38 semanas<\/li><li>Para parto domiciliario: trabajo de parto, parto y posparto inmediato para mam\u00e1 y beb\u00e9 (2-3 horas)<\/li><li>Para el centro de maternidad: trabajo de parto, nacimiento y 2 a 6 horas de atenci\u00f3n posparto en el centro de maternidad<\/li><li>Tarifa de asistente de nacimiento si corresponde<\/li><li>Suministros de parto est\u00e1ndar provistos en el centro de maternidad: los partos en el hogar ordenar\u00e1n su propio kit de nacimiento y preparar\u00e1n sus propios suministros. Puedes pedir tu kit de parto prefabricado en <a href=\"https:\/\/www.inhishands.com\/\" target=\"_blank\" rel=\"noopener\">www.enhishands.com<\/a> bajo Waco Birth Center &amp; Clinic.<\/li><li>Llamada telef\u00f3nica posparto dentro de las 24 horas<\/li><li>Visitas al consultorio posparto a las 48-72 horas y 6 semanas<\/li><\/ul><p><strong>\u00a0<\/strong><\/p><p><strong>Las tarifas no incluyen:<\/strong><\/p><\/div><\/div><\/div><\/div><div class=\"page\" title=\"P\u00e1gina 3\"><div class=\"section\"><div class=\"layoutArea\"><div class=\"column\"><ul><li>Verificaci\u00f3n de Beneficios<\/li><li>Responsabilidad del cliente<\/li><li>Visitas prenatales o posparto fuera del horario de atenci\u00f3n ($75.00 adicionales por visita)<\/li><li>Circunstancias Especiales relacionadas con condiciones de salud que requieran visitas prenatales adicionales y servicios de salud avanzados requerir\u00e1n un contrato adicional y una tarifa de $600<\/li><li>Tarifa adicional si se solicitan visitas al hogar en lugar de visitas al consultorio ($75.00 por visita m\u00e1s millaje @ $.50 por milla)<\/li><li>Cualquier servicio referido (por ejemplo, ultrasonido, consultas, clases de preparaci\u00f3n para el parto)<\/li><li>Kit de parto para parto en casa<\/li><li>Tarifa de reserva<\/li><\/ul><\/div><\/div><\/div><\/div>\t\t\t\t\t\t\t\t<\/div>\n\t\t\t\t<\/div>\n\t\t\t\t<div class=\"elementor-element elementor-element-443addf elementor-widget elementor-widget-heading\" data-id=\"443addf\" data-element_type=\"widget\" data-e-type=\"widget\" data-widget_type=\"heading.default\">\n\t\t\t\t<div class=\"elementor-widget-container\">\n\t\t\t\t\t<h2 class=\"elementor-heading-title elementor-size-medium\">PAQUETE MEDICAID<\/h2>\t\t\t\t<\/div>\n\t\t\t\t<\/div>\n\t\t\t\t<div class=\"elementor-element elementor-element-7c64691 elementor-widget elementor-widget-text-editor\" data-id=\"7c64691\" data-element_type=\"widget\" data-e-type=\"widget\" data-widget_type=\"text-editor.default\">\n\t\t\t\t<div class=\"elementor-widget-container\">\n\t\t\t\t\t\t\t\t\t<div class=\"page\" title=\"P\u00e1gina 3\"><div class=\"section\"><div class=\"layoutArea\"><div class=\"column\"><p>Estamos dentro de la red con Superior Medicaid. Medicaid cubre la mayor\u00eda de los servicios dentro del embarazo normal. En caso de que el cliente requiera un servicio no cubierto por Medicaid, se informar\u00e1 al cliente y se le presentar\u00e1 un consentimiento para firmar antes de que se le cobre.<\/p><p><strong>Las tarifas incluir\u00e1n:<\/strong><\/p><ul><li>Visitas prenatales regulares al consultorio durante el horario comercial normal<\/li><li>Parto en el centro de parto, nacimiento y 2 a 6 horas de atenci\u00f3n posparto<\/li><li>Tarifa de asistente de nacimiento si corresponde<\/li><li>Suministros de parto est\u00e1ndar proporcionados en el centro de maternidad<\/li><li>Llamada telef\u00f3nica posparto dentro de las 24 horas<\/li><li>Visitas al consultorio posparto a las 48-72 horas y 6 semanas<\/li><\/ul><p><strong>\u00a0<\/strong><\/p><p><strong>Las tarifas no incluyen:<\/strong><\/p><ul><li>Visitas prenatales o posparto fuera del horario de atenci\u00f3n ($75.00 adicionales por visita)<\/li><li>Tarifa adicional si se solicitan visitas al hogar en lugar de visitas al consultorio ($75.00 por visita m\u00e1s millaje @ $.50 por milla)<\/li><li>Cualquier servicio referido (por ejemplo, ultrasonido, consultas, clases de preparaci\u00f3n para el parto)<\/li><li>Tarifa de reserva<\/li><li style=\"list-style-type: none;\">\u00a0<\/li><\/ul><\/div><\/div><\/div><\/div>\t\t\t\t\t\t\t\t<\/div>\n\t\t\t\t<\/div>\n\t\t\t\t<div class=\"elementor-element elementor-element-5817224 elementor-widget elementor-widget-heading\" data-id=\"5817224\" data-element_type=\"widget\" data-e-type=\"widget\" data-widget_type=\"heading.default\">\n\t\t\t\t<div class=\"elementor-widget-container\">\n\t\t\t\t\t<h2 class=\"elementor-heading-title elementor-size-medium\">PAQUETE COMPARTIR SALUD<\/h2>\t\t\t\t<\/div>\n\t\t\t\t<\/div>\n\t\t\t\t<div class=\"elementor-element elementor-element-3b22e49 elementor-widget elementor-widget-text-editor\" data-id=\"3b22e49\" data-element_type=\"widget\" data-e-type=\"widget\" data-widget_type=\"text-editor.default\">\n\t\t\t\t<div class=\"elementor-widget-container\">\n\t\t\t\t\t\t\t\t\t<div class=\"page\" title=\"P\u00e1gina 3\"><div class=\"section\"><div class=\"layoutArea\"><div class=\"column\"><p>La tarifa del paquete est\u00e1ndar para los clientes de Health Share ser\u00e1 de $8,000.00. Se trata de un descuento 40% de nuestro Paquete de Seguros. Si elige pagar la tarifa de su paquete por adelantado, recibir\u00e1 un descuento adicional de $500.00. Seg\u00fan nuestra experiencia, la mayor\u00eda de las acciones de salud pagan la totalidad de las tarifas del paquete a las 28 semanas. Independientemente de cu\u00e1ndo Health Share pague el paquete, es responsabilidad del cliente entregar todo el dinero proporcionado por Healthshare. Se aplicar\u00e1n $1,000.00 adicionales para viajes de m\u00e1s de 35 millas desde nuestras instalaciones para un parto en el hogar. Esto ser\u00e1 parte de los gastos de su bolsillo y se le facturar\u00e1 a usted, el cliente. Los laboratorios se facturar\u00e1n en una factura separada para convertirla en su reembolso de salud compartida.<\/p><p><strong>Las tarifas incluir\u00e1n:<\/strong><\/p><ul><li>Visitas prenatales regulares al consultorio durante el horario comercial normal<\/li><li>Si planea un parto en el hogar: 1 visita prenatal a domicilio aproximadamente a las 38 semanas<\/li><li>Para parto domiciliario: trabajo de parto, parto y posparto inmediato para mam\u00e1 y beb\u00e9 (2-3 horas)<\/li><li>Para el centro de maternidad: trabajo de parto, nacimiento y 2 a 6 horas de atenci\u00f3n posparto en el centro de maternidad<\/li><li>Tarifa de asistente de nacimiento si corresponde<\/li><li>Suministros de parto est\u00e1ndar proporcionados en el centro de nacimiento: los partos en el hogar ordenar\u00e1n su propio kit de nacimiento y preparar\u00e1n sus propios suministros. Puedes pedir tu kit de parto prefabricado en <strong><span style=\"text-decoration: underline;\"><a href=\"http:\/\/www.inhishands.com\/\" target=\"_blank\" rel=\"noopener\">www.enhishands.com<\/a><\/span><\/strong> bajo Waco Birth Center &amp; Clinic<\/li><li>Llamada telef\u00f3nica posparto dentro de las 24 horas<\/li><li>Visitas al consultorio posparto a las 48-72 horas y 6 semanas<\/li><\/ul><p><strong>\u00a0<\/strong><\/p><p><strong>Las tarifas no incluyen:<\/strong><\/p><ul><li dir=\"ltr\" role=\"presentation\">Visitas prenatales o posparto fuera del horario de atenci\u00f3n ($100.00 adicionales por visita)\u00a0<\/li><li dir=\"ltr\" role=\"presentation\">Circunstancias Especiales relacionadas con condiciones de salud que requieran visitas prenatales adicionales y servicios de salud avanzados requerir\u00e1n un contrato adicional y una tarifa de $600<\/li><li dir=\"ltr\" role=\"presentation\">Tarifa adicional si se solicitan visitas al hogar en lugar de visitas al consultorio ($75.00 por visita m\u00e1s millaje @ $.50 por milla)\u00a0<\/li><li dir=\"ltr\" role=\"presentation\">Cualquier servicio referido (por ejemplo, ultrasonido, consultas, clases de preparaci\u00f3n para el parto)\u00a0<\/li><li dir=\"ltr\" role=\"presentation\">Kit de parto para parto en casa<\/li><li dir=\"ltr\" role=\"presentation\">Tarifa de reserva<\/li><li style=\"list-style-type: none;\">\u00a0<\/li><\/ul><\/div><\/div><\/div><\/div>\t\t\t\t\t\t\t\t<\/div>\n\t\t\t\t<\/div>\n\t\t\t\t<div class=\"elementor-element elementor-element-9221faa elementor-widget elementor-widget-heading\" data-id=\"9221faa\" data-element_type=\"widget\" data-e-type=\"widget\" data-widget_type=\"heading.default\">\n\t\t\t\t<div class=\"elementor-widget-container\">\n\t\t\t\t\t<h2 class=\"elementor-heading-title elementor-size-medium\">CUOTA DE RESERVA<\/h2>\t\t\t\t<\/div>\n\t\t\t\t<\/div>\n\t\t\t\t<div class=\"elementor-element elementor-element-9633845 elementor-widget elementor-widget-text-editor\" data-id=\"9633845\" data-element_type=\"widget\" data-e-type=\"widget\" data-widget_type=\"text-editor.default\">\n\t\t\t\t<div class=\"elementor-widget-container\">\n\t\t\t\t\t\t\t\t\t<div class=\"page\" title=\"P\u00e1gina 3\"><div class=\"section\"><div class=\"layoutArea\"><div class=\"column\"><p>Requerimos una tarifa de reserva de $400.00 a pagar por 36 semanas. Esta tarifa se aplica a todos los clientes, ya sea que tenga Pago en efectivo, Seguro o Medicaid.<\/p><\/div><\/div><\/div><\/div><div class=\"page\" title=\"P\u00e1gina 4\"><div class=\"section\"><div class=\"layoutArea\"><div class=\"column\"><p>Usted, el cliente, es responsable de esta tarifa. No se factura al seguro. Esta tarifa NO ES REEMBOLSABLE y se aplica a clientes de partos en el hogar\/centros de maternidad.<\/p><\/div><\/div><\/div><\/div>\t\t\t\t\t\t\t\t<\/div>\n\t\t\t\t<\/div>\n\t\t\t\t\t<\/div>\n\t\t<\/div>\n\t\t\t\t\t<\/div>\n\t\t<\/section>\n\t\t\t\t<\/div>","protected":false},"excerpt":{"rendered":"<p>Investment Guide CASH PAYMENT PACKAGE The practice\u2019s standard package fee for midwifery services is $6,000.00. If you are cash pay, an additional $1,000.00 will apply for travel over 35 miles from our facility for a home birth. Fees will include: Regular prenatal office visits during normal business hours If planning a homebirth \u2013 1 prenatal [&hellip;]<\/p>\n","protected":false},"author":1,"featured_media":304,"parent":0,"menu_order":0,"comment_status":"closed","ping_status":"closed","template":"","meta":{"footnotes":""},"class_list":["post-1188","page","type-page","status-publish","has-post-thumbnail","hentry"],"_links":{"self":[{"href":"https:\/\/wacobirthcenter.com\/es\/wp-json\/wp\/v2\/pages\/1188","targetHints":{"allow":["GET"]}}],"collection":[{"href":"https:\/\/wacobirthcenter.com\/es\/wp-json\/wp\/v2\/pages"}],"about":[{"href":"https:\/\/wacobirthcenter.com\/es\/wp-json\/wp\/v2\/types\/page"}],"author":[{"embeddable":true,"href":"https:\/\/wacobirthcenter.com\/es\/wp-json\/wp\/v2\/users\/1"}],"replies":[{"embeddable":true,"href":"https:\/\/wacobirthcenter.com\/es\/wp-json\/wp\/v2\/comments?post=1188"}],"version-history":[{"count":32,"href":"https:\/\/wacobirthcenter.com\/es\/wp-json\/wp\/v2\/pages\/1188\/revisions"}],"predecessor-version":[{"id":2211,"href":"https:\/\/wacobirthcenter.com\/es\/wp-json\/wp\/v2\/pages\/1188\/revisions\/2211"}],"wp:featuredmedia":[{"embeddable":true,"href":"https:\/\/wacobirthcenter.com\/es\/wp-json\/wp\/v2\/media\/304"}],"wp:attachment":[{"href":"https:\/\/wacobirthcenter.com\/es\/wp-json\/wp\/v2\/media?parent=1188"}],"curies":[{"name":"wp","href":"https:\/\/api.w.org\/{rel}","templated":true}]}}